{"id":10,"date":"2020-08-11T12:27:58","date_gmt":"2020-08-11T12:27:58","guid":{"rendered":"https:\/\/www.zacherl-dlg.de\/?page_id=10"},"modified":"2020-09-16T06:17:09","modified_gmt":"2020-09-16T06:17:09","slug":"ueber-uns","status":"publish","type":"page","link":"https:\/\/www.zacherl-dlg.de\/index.php\/ueber-uns\/","title":{"rendered":"Unternehmen"},"content":{"rendered":"\r\n<p>Die Firma Zacherl Transporte wurde im Jahr 1952 von Alois Zacherl als Familienbetrieb gegr\u00fcndet, aufgebaut und 1984 an Rudolf Zacherl \u00fcbergeben, der die Zacherl Transporte GmbH zu einem der leistungsst\u00e4rksten Holztransporteure im s\u00fcddeutschen Raum ausbaute. 2013 \u00fcbernahmen Nicole Behringer-Zacherl und Rudolf Zacherl jun. den Familienbetrieb. Zu Beginn unserer Unternehmenst\u00e4tigkeit noch auf den Transport von Holz spezialisiert, bauten wir in den vergangen Jahren unser Dienstleistungssortiment kontinuierlich aus, weswegen mittlerweile sowohl der Brennholzhandel, Stapler-und Kranarbeiten und auch Lagerhaltung und \u2013logistik unsere Kernkompetenzen erweitern.<\/p>\r\n<p>Da es Teil unserer Philosophie ist, die Auftr\u00e4ge unserer Kunden immer zu deren vollster Zufriedenheit durchzuf\u00fchren, besteht unser Team aus motivierten und qualifizierten Mitarbeitern. Daher k\u00f6nnen wir flexibel auf individuelle Kundenw\u00fcnsche verschiedenster<br \/>Art reagieren und diese z\u00fcgig und zuverl\u00e4ssig ausf\u00fchren. Bei all unseren Dienstleistungen achten wir stets darauf, dass unsere Fahrzeuge und Arbeitsabl\u00e4ufe nicht nur den h\u00f6chstm\u00f6glichen Sicherheitsstandard aufweisen, sondern wir achten zudem auf eine umweltschonende und nachhaltige Arbeitsweise.<\/p>\r\n<h3>\u00a0<\/h3>\r\n<h3><span style=\"color: #008000;\"><strong>Philosophie<\/strong><\/span><\/h3>\r\n<p>Wir sind ein mittelst\u00e4ndisches Familienunternehmen und unsere St\u00e4rke ist das Zusammenspiel von Erfahrung, Innovation und vollem Einsatz mehrerer Generationen. Dadurch ist es uns m\u00f6glich au\u00dferordentliche Leistungen f\u00fcr unsere Kunden in den verschiedensten Gesch\u00e4ftsbereichen zu erbringen.<\/p>\r\n<p>Um unsere Partner zufriedenzustellen, passen wir uns <span style=\"color: #008000;\"><strong>FLEXIBEL<\/strong> <\/span>und schnell an die sich \u00e4ndernden Anforderungen unserer Kunden an. Finden f\u00fcr Sie eine innovative und kundenspezifische L\u00f6sung.<\/p>\r\n<p>Der pers\u00f6nliche Kontakt mit Ihnen ist uns dabei besonders wichtig, da er unserer Meinung nach den Grundstein f\u00fcr eine <span style=\"color: #008000;\"><strong>FAIRE <\/strong><\/span>Partnerschafft darstellt. Nur wenn man gemeinsam kommuniziert, kann man Probleme erkennen, W\u00fcnsche erf\u00fcllen und auch wieder ein St\u00fcck besser werden. Aus diesem Grund sind wir f\u00fcr sie auch fast rund um die Uhr erreichbar!<\/p>\r\n<p>Unser hohes Ma\u00df an <span style=\"color: #008000;\"><strong>ZUVERL\u00c4SSIGKEIT<\/strong><\/span> zeigt sich durch unsere anpassungsf\u00e4higen Gesch\u00e4ftsprozesse auf Ihre Anforderungen. Somit k\u00f6nnen wir Prozesssicherheit und Kundenzufriedenheit garantieren.<\/p>\r\n<p>Wir freuen uns auf Ihren Auftrag!<\/p>\r\n","protected":false},"excerpt":{"rendered":"<p>Die Firma Zacherl Transporte wurde im Jahr 1952 von Alois Zacherl als Familienbetrieb gegr\u00fcndet, aufgebaut und 1984 an Rudolf Zacherl \u00fcbergeben, der die Zacherl Transporte GmbH zu einem der leistungsst\u00e4rksten Holztransporteure im s\u00fcddeutschen Raum ausbaute. 2013 \u00fcbernahmen Nicole Behringer-Zacherl und Rudolf Zacherl jun. den Familienbetrieb. Zu Beginn unserer Unternehmenst\u00e4tigkeit noch auf den Transport von Holz&#8230;<\/p>\n","protected":false},"author":2,"featured_media":160,"parent":0,"menu_order":0,"comment_status":"closed","ping_status":"closed","template":"","meta":{"footnotes":""},"class_list":["post-10","page","type-page","status-publish","has-post-thumbnail","hentry"],"_links":{"self":[{"href":"https:\/\/www.zacherl-dlg.de\/index.php\/wp-json\/wp\/v2\/pages\/10","targetHints":{"allow":["GET"]}}],"collection":[{"href":"https:\/\/www.zacherl-dlg.de\/index.php\/wp-json\/wp\/v2\/pages"}],"about":[{"href":"https:\/\/www.zacherl-dlg.de\/index.php\/wp-json\/wp\/v2\/types\/page"}],"author":[{"embeddable":true,"href":"https:\/\/www.zacherl-dlg.de\/index.php\/wp-json\/wp\/v2\/users\/2"}],"replies":[{"embeddable":true,"href":"https:\/\/www.zacherl-dlg.de\/index.php\/wp-json\/wp\/v2\/comments?post=10"}],"version-history":[{"count":18,"href":"https:\/\/www.zacherl-dlg.de\/index.php\/wp-json\/wp\/v2\/pages\/10\/revisions"}],"predecessor-version":[{"id":187,"href":"https:\/\/www.zacherl-dlg.de\/index.php\/wp-json\/wp\/v2\/pages\/10\/revisions\/187"}],"wp:featuredmedia":[{"embeddable":true,"href":"https:\/\/www.zacherl-dlg.de\/index.php\/wp-json\/wp\/v2\/media\/160"}],"wp:attachment":[{"href":"https:\/\/www.zacherl-dlg.de\/index.php\/wp-json\/wp\/v2\/media?parent=10"}],"curies":[{"name":"wp","href":"https:\/\/api.w.org\/{rel}","templated":true}]}}