{"id":105,"date":"2020-08-15T12:38:46","date_gmt":"2020-08-15T12:38:46","guid":{"rendered":"https:\/\/www.zacherl-dlg.de\/?page_id=105"},"modified":"2020-10-28T12:47:31","modified_gmt":"2020-10-28T12:47:31","slug":"leistungen","status":"publish","type":"page","link":"https:\/\/www.zacherl-dlg.de\/index.php\/leistungen\/","title":{"rendered":"Leistungen"},"content":{"rendered":"<h3><span style=\"color: #008000;\">Kran-und Verladearbeiten<\/span><\/h3>\n<p>Mit unseren Ladekranen mit einem Hubmoment von bis zu 160kNm sind wir in der Lage, unsere G\u00fcter selbstst\u00e4ndig zu verladen. Dies schlie\u00dft nicht nur die Beladung unserer eigenen Fahrzeuge, sondern auch Trailer-Beladungen und Waggonbe-und entladungen f\u00fcr unsere Kunden mit ein.<\/p>\n<h3><span style=\"color: #008000;\">Sch\u00fcttgut-Transporte<\/span><\/h3>\n<p>Unsere flexibel einsetzbare Kippmulde erlaubet uns den Transport von Sch\u00fcttg\u00fctern verschiedenster Art, so dass der Transport von Kies, Teer, Sand und vieles mehr unsere Kompetenzen erweitern.<\/p>\n<h3><span style=\"color: #008000;\">Sonstige Transporte<\/span><\/h3>\n<p>Wir als flexibles und aufgeschlossenes Unternehmen \u00fcbernehmen gerne auch viele andere Transporte f\u00fcr unsere Kunden. Ziegeldecken, Betonrohre, Stahl und Schrott sind nur einige hier anzuf\u00fchrende Beispiele.<\/p>\n<h3><span style=\"color: #008000;\">Brennholzhandel<\/span><\/h3>\n<p>Unser Leistungsangebot rundet der Handel mit Brennholz ab.<br \/>\nAls Brennholz bieten wir im Augenblick Stammware zwischen 2 und 6 Meter an. Hier haben Sie die Auswahl zwischen reinem Buchenholz, gemischtem Hartholz und Fichtenholz.<br \/>\nSelbstverst\u00e4ndlich liefern wir Ihnen Ihr Brennholz direkt nach Hause. Gerne d\u00fcrfen Sie dies aber auch mit Ihren eigenen Maschinen auf unserem Betriebsgel\u00e4nde verarbeiten.<\/p>\n<p>Bei Fragen melden Sie sich einfach pers\u00f6nlich bei uns:<br \/>\nTelefon: 09 071 \/ 58 81 -0 oder per E-mail: info@zacherl-dlg.de<\/p>\n","protected":false},"excerpt":{"rendered":"<p>Kran-und Verladearbeiten Mit unseren Ladekranen mit einem Hubmoment von bis zu 160kNm sind wir in der Lage, unsere G\u00fcter selbstst\u00e4ndig zu verladen. Dies schlie\u00dft nicht nur die Beladung unserer eigenen Fahrzeuge, sondern auch Trailer-Beladungen und Waggonbe-und entladungen f\u00fcr unsere Kunden mit ein. Sch\u00fcttgut-Transporte Unsere flexibel einsetzbare Kippmulde erlaubet uns den Transport von Sch\u00fcttg\u00fctern verschiedenster Art,&#8230;<\/p>\n","protected":false},"author":2,"featured_media":0,"parent":0,"menu_order":0,"comment_status":"closed","ping_status":"closed","template":"","meta":{"footnotes":""},"class_list":["post-105","page","type-page","status-publish","hentry"],"_links":{"self":[{"href":"https:\/\/www.zacherl-dlg.de\/index.php\/wp-json\/wp\/v2\/pages\/105","targetHints":{"allow":["GET"]}}],"collection":[{"href":"https:\/\/www.zacherl-dlg.de\/index.php\/wp-json\/wp\/v2\/pages"}],"about":[{"href":"https:\/\/www.zacherl-dlg.de\/index.php\/wp-json\/wp\/v2\/types\/page"}],"author":[{"embeddable":true,"href":"https:\/\/www.zacherl-dlg.de\/index.php\/wp-json\/wp\/v2\/users\/2"}],"replies":[{"embeddable":true,"href":"https:\/\/www.zacherl-dlg.de\/index.php\/wp-json\/wp\/v2\/comments?post=105"}],"version-history":[{"count":8,"href":"https:\/\/www.zacherl-dlg.de\/index.php\/wp-json\/wp\/v2\/pages\/105\/revisions"}],"predecessor-version":[{"id":229,"href":"https:\/\/www.zacherl-dlg.de\/index.php\/wp-json\/wp\/v2\/pages\/105\/revisions\/229"}],"wp:attachment":[{"href":"https:\/\/www.zacherl-dlg.de\/index.php\/wp-json\/wp\/v2\/media?parent=105"}],"curies":[{"name":"wp","href":"https:\/\/api.w.org\/{rel}","templated":true}]}}