{"id":47,"date":"2020-08-11T13:06:14","date_gmt":"2020-08-11T13:06:14","guid":{"rendered":"https:\/\/www.zacherl-dlg.de\/?page_id=47"},"modified":"2020-08-18T14:31:46","modified_gmt":"2020-08-18T14:31:46","slug":"impressum","status":"publish","type":"page","link":"https:\/\/www.zacherl-dlg.de\/index.php\/impressum\/","title":{"rendered":"Impressum"},"content":{"rendered":"<p><strong>Zacherl Transporte GmbH <\/strong><\/p>\n<p>Mohrenstra\u00dfe 12<br \/>\n89407 Dillingen<\/p>\n<p><strong>Telefon<\/strong>: 09071 \/ 58 81 &#8211; 0<br \/>\n<strong>Telefax:<\/strong> 09071 \/ 58 81 &#8211; 20<\/p>\n<p><strong>Email<\/strong>: info@zacherl-dlg.de<\/p>\n<p><strong>Gesch\u00e4ftsf\u00fchrer:<\/strong><\/p>\n<p>Nicole Behringer-Zacherl<\/p>\n<p>Rudolf Zacherl jun.<\/p>\n<p><strong>Legitimation<\/strong><\/p>\n<p><strong>Amtsgericht Augsburg<\/strong><br \/>\nRegisternummer: HrB 8722<br \/>\n<strong>Umsatzsteuer-Identifikationsnummer gem\u00e4\u00df \u00a727a Umsatzsteuergesetz:<\/strong><br \/>\nDE 811410100<br \/>\nSt.Nr.: 109\/292\/00204<\/p>\n<p><strong>Erlaubnisbeh\u00f6rde gem. \u00a7 21 a G\u00fcKG<\/strong><\/p>\n<p>Landratsamt Dillingen<\/p>\n<p>Gro\u00dfe Allee 24, 89407 Dillingen<\/p>\n<p>Telefon 09071 \/ 51-0<\/p>\n<p>Telefax 09071 \/ 51-101<\/p>\n<p><strong>Bundesamt f\u00fcr G\u00fcterverkehr<\/strong><\/p>\n<p>Werderstra\u00dfe 34, 50672 K\u00f6ln<\/p>\n<p><strong>Haftungsausschluss<\/strong><\/p>\n<ul>\n<li><strong>1 Inhalte<\/strong><\/li>\n<\/ul>\n<p>(1) Der Inhalt dieser Seiten wurde sorgf\u00e4ltig \u00fcberpr\u00fcft und bearbeitet. Die Zacherl Transporte GmbH \u00fcbernimmt jedoch keine Gew\u00e4hr f\u00fcr die Aktualit\u00e4t, Richtigkeit oder Vollst\u00e4ndigkeit der bereitgestellten Informationen.<\/p>\n<p>(2) Haftungsanspr\u00fcche gegen die Zacherl Transporte GmbH, die sich auf Sch\u00e4den materieller oder ideeller Art beziehen, welche durch die Nutzung der dargebotenen Informationen oder durch fehlerhafte und unvollst\u00e4ndige Informationen verursacht wurden, sind grunds\u00e4tzlich ausgeschlossen, sofern seitens der Zacherl Transporte GmbH kein nachweislich vors\u00e4tzliches oder grob fahrl\u00e4ssiges Verschulden vorliegt.<\/p>\n<h4><strong>Widerspruch gegen Werbe-Mails<\/strong><\/h4>\n<p>Der Nutzung von im Rahmen der Impressumspflicht ver\u00f6ffentlichten Kontaktdaten zur \u00dcbersendung von nicht ausdr\u00fccklich angeforderter Werbung und Informationsmaterialien wird hiermit widersprochen. Die Betreiber der Seiten behalten sich ausdr\u00fccklich rechtliche Schritte im Falle der unverlangten Zusendung von Werbeinformationen, etwa durch Spam-E-Mails, vor.<\/p>\n","protected":false},"excerpt":{"rendered":"<p>Zacherl Transporte GmbH Mohrenstra\u00dfe 12 89407 Dillingen Telefon: 09071 \/ 58 81 &#8211; 0 Telefax: 09071 \/ 58 81 &#8211; 20 Email: info@zacherl-dlg.de Gesch\u00e4ftsf\u00fchrer: Nicole Behringer-Zacherl Rudolf Zacherl jun. Legitimation Amtsgericht Augsburg Registernummer: HrB 8722 Umsatzsteuer-Identifikationsnummer gem\u00e4\u00df \u00a727a Umsatzsteuergesetz: DE 811410100 St.Nr.: 109\/292\/00204 Erlaubnisbeh\u00f6rde gem. \u00a7 21 a G\u00fcKG Landratsamt Dillingen Gro\u00dfe Allee 24, 89407&#8230;<\/p>\n","protected":false},"author":2,"featured_media":0,"parent":0,"menu_order":0,"comment_status":"closed","ping_status":"closed","template":"","meta":{"footnotes":""},"class_list":["post-47","page","type-page","status-publish","hentry"],"_links":{"self":[{"href":"https:\/\/www.zacherl-dlg.de\/index.php\/wp-json\/wp\/v2\/pages\/47","targetHints":{"allow":["GET"]}}],"collection":[{"href":"https:\/\/www.zacherl-dlg.de\/index.php\/wp-json\/wp\/v2\/pages"}],"about":[{"href":"https:\/\/www.zacherl-dlg.de\/index.php\/wp-json\/wp\/v2\/types\/page"}],"author":[{"embeddable":true,"href":"https:\/\/www.zacherl-dlg.de\/index.php\/wp-json\/wp\/v2\/users\/2"}],"replies":[{"embeddable":true,"href":"https:\/\/www.zacherl-dlg.de\/index.php\/wp-json\/wp\/v2\/comments?post=47"}],"version-history":[{"count":6,"href":"https:\/\/www.zacherl-dlg.de\/index.php\/wp-json\/wp\/v2\/pages\/47\/revisions"}],"predecessor-version":[{"id":141,"href":"https:\/\/www.zacherl-dlg.de\/index.php\/wp-json\/wp\/v2\/pages\/47\/revisions\/141"}],"wp:attachment":[{"href":"https:\/\/www.zacherl-dlg.de\/index.php\/wp-json\/wp\/v2\/media?parent=47"}],"curies":[{"name":"wp","href":"https:\/\/api.w.org\/{rel}","templated":true}]}}